{"id":254,"date":"2023-10-05T09:37:18","date_gmt":"2023-10-05T09:37:18","guid":{"rendered":"https:\/\/euorganicseabuckthorn.com\/nutrition\/?page_id=254"},"modified":"2023-10-07T06:23:14","modified_gmt":"2023-10-07T06:23:14","slug":"100-bio-sea-berry-power-2","status":"publish","type":"page","link":"https:\/\/euorganicseabuckthorn.com\/nutrition\/100-bio-sea-berry-power-2\/","title":{"rendered":"Suc de c\u0103tin\u0103 ecologic"},"content":{"rendered":"\t\t<div data-elementor-type=\"wp-page\" data-elementor-id=\"254\" class=\"elementor elementor-254\">\n\t\t\t\t\t\t\t<div class=\"elementor-element elementor-element-39c9f73d e-con-boxed e-flex e-con\" data-id=\"39c9f73d\" data-element_type=\"container\" data-settings=\"{&quot;content_width&quot;:&quot;boxed&quot;}\">\n\t\t\t\t\t<div class=\"e-con-inner\">\n\t\t\t\t<div class=\"elementor-element elementor-element-309f6e2d elementor-widget elementor-widget-heading\" data-id=\"309f6e2d\" data-element_type=\"widget\" data-widget_type=\"heading.default\">\n\t\t\t\t<div class=\"elementor-widget-container\">\n\t\t\t<style>\/*! elementor - v3.13.3 - 28-05-2023 *\/\n.elementor-heading-title{padding:0;margin:0;line-height:1}.elementor-widget-heading .elementor-heading-title[class*=elementor-size-]>a{color:inherit;font-size:inherit;line-height:inherit}.elementor-widget-heading .elementor-heading-title.elementor-size-small{font-size:15px}.elementor-widget-heading .elementor-heading-title.elementor-size-medium{font-size:19px}.elementor-widget-heading .elementor-heading-title.elementor-size-large{font-size:29px}.elementor-widget-heading .elementor-heading-title.elementor-size-xl{font-size:39px}.elementor-widget-heading .elementor-heading-title.elementor-size-xxl{font-size:59px}<\/style><h2 class=\"elementor-heading-title elementor-size-default\">Suc de c\u0103tin\u0103 ecologic<\/h2>\t\t<\/div>\n\t\t\t\t<\/div>\n\t\t\t\t<div class=\"elementor-element elementor-element-79f3b46 elementor-widget elementor-widget-text-editor\" data-id=\"79f3b46\" data-element_type=\"widget\" data-widget_type=\"text-editor.default\">\n\t\t\t\t<div class=\"elementor-widget-container\">\n\t\t\t<style>\/*! elementor - v3.13.3 - 28-05-2023 *\/\n.elementor-widget-text-editor.elementor-drop-cap-view-stacked .elementor-drop-cap{background-color:#69727d;color:#fff}.elementor-widget-text-editor.elementor-drop-cap-view-framed .elementor-drop-cap{color:#69727d;border:3px solid;background-color:transparent}.elementor-widget-text-editor:not(.elementor-drop-cap-view-default) .elementor-drop-cap{margin-top:8px}.elementor-widget-text-editor:not(.elementor-drop-cap-view-default) .elementor-drop-cap-letter{width:1em;height:1em}.elementor-widget-text-editor .elementor-drop-cap{float:left;text-align:center;line-height:1;font-size:50px}.elementor-widget-text-editor .elementor-drop-cap-letter{display:inline-block}<\/style>\t\t\t\t<p>Presat la rece<br \/>100 % fruct<br \/>500\u00a0 ml<\/p>\t\t\t\t\t\t<\/div>\n\t\t\t\t<\/div>\n\t\t\t\t\t<\/div>\n\t\t\t\t<\/div>\n\t\t<div class=\"elementor-element elementor-element-478677a1 e-con-boxed e-flex e-con\" data-id=\"478677a1\" data-element_type=\"container\" data-settings=\"{&quot;content_width&quot;:&quot;boxed&quot;}\">\n\t\t\t\t\t<div class=\"e-con-inner\">\n\t\t\t\t<div class=\"elementor-element elementor-element-c57466 elementor-widget elementor-widget-image\" data-id=\"c57466\" data-element_type=\"widget\" data-widget_type=\"image.default\">\n\t\t\t\t<div class=\"elementor-widget-container\">\n\t\t\t<style>\/*! elementor - v3.13.3 - 28-05-2023 *\/\n.elementor-widget-image{text-align:center}.elementor-widget-image a{display:inline-block}.elementor-widget-image a img[src$=\".svg\"]{width:48px}.elementor-widget-image img{vertical-align:middle;display:inline-block}<\/style>\t\t\t\t\t\t\t\t\t\t\t\t<img loading=\"lazy\" decoding=\"async\" width=\"724\" height=\"1024\" src=\"https:\/\/euorganicseabuckthorn.com\/nutrition\/wp-content\/uploads\/2023\/10\/suc_pur-724x1024-2.png\" class=\"attachment-large size-large wp-image-663\" alt=\"\" srcset=\"https:\/\/euorganicseabuckthorn.com\/nutrition\/wp-content\/uploads\/2023\/10\/suc_pur-724x1024-2.png 724w, https:\/\/euorganicseabuckthorn.com\/nutrition\/wp-content\/uploads\/2023\/10\/suc_pur-724x1024-2-212x300.png 212w\" sizes=\"auto, (max-width: 724px) 100vw, 724px\" \/>\t\t\t\t\t\t\t\t\t\t\t\t\t\t\t<\/div>\n\t\t\t\t<\/div>\n\t\t<div class=\"elementor-element elementor-element-d956efb e-con-boxed e-flex e-con\" data-id=\"d956efb\" data-element_type=\"container\" data-settings=\"{&quot;content_width&quot;:&quot;boxed&quot;}\">\n\t\t\t\t\t<div class=\"e-con-inner\">\n\t\t\t\t<div class=\"elementor-element elementor-element-8e0b26a elementor-widget elementor-widget-text-editor\" data-id=\"8e0b26a\" data-element_type=\"widget\" data-widget_type=\"text-editor.default\">\n\t\t\t\t<div class=\"elementor-widget-container\">\n\t\t\t\t\t\t\t<ul><li><em>Bogat \u020bn Vitamina C <\/em><\/li><li><em>Surs\u0103 de fibre<\/em><\/li><li><em>Con<\/em><em>\u0163<\/em><em>ine beta \u2013 caroten <\/em><\/li><li><em>Con\u0163inut ridicat de acizi gra\u015fi nesatura\u0163i, \u020bn special omega 7<\/em><\/li><li><em>F\u0103r\u0103 zah<\/em><em>\u0103<\/em><em>r ad\u0103ugat<\/em><\/li><li><em>F\u0103r\u0103 ap\u0103 ad\u0103ugat\u0103 <\/em><\/li><li><em>Con\u0163ine zaharuri prezente \u020bn mod natural \u020bn fructe<\/em><\/li><li><em>Vegan<\/em><\/li><\/ul>\t\t\t\t\t\t<\/div>\n\t\t\t\t<\/div>\n\t\t\t\t<div class=\"elementor-element elementor-element-7c1ced7 elementor-widget elementor-widget-text-editor\" data-id=\"7c1ced7\" data-element_type=\"widget\" data-widget_type=\"text-editor.default\">\n\t\t\t\t<div class=\"elementor-widget-container\">\n\t\t\t\t\t\t\t<p>Laterale + Spate<\/p><p><strong>Ingrediente:<\/strong> 100 % suc presat la rece din fructe ecologice de c\u0103tin\u0103 (<em>Hippopae rhamnoides<\/em> <em>L.<\/em>). Sucul este pasteurizat \u015fi nu con\u0163ine ap\u0103 sau zah\u0103r ad\u0103ugat. \u00a0<\/p><p>\u0162ara de provenien\u0163\u0103 a fructelor: Rom\u00e2nia<\/p><p>Lot \/ Expir\u0103 la: vezi pe capac<\/p><p>\u00a0<\/p><p><strong>Condi\u0163ii de p\u0103strare:<\/strong> A se p\u0103stra \u020bntr-un loc uscat \u015fi racoros, departe de razele soarelui, \u020bn ambalajul original nedesf\u0103cut. Dup\u0103 deschidere, a se p\u0103stra \u020bn frigider \u015fi a se consuma \u020bn maxim 2 s\u0103pt\u0103m\u00e2ni.<\/p><p><strong>Recomand<\/strong><strong>\u0103<\/strong><strong>ri de servire<\/strong>: Se recomand\u0103 un consum zilnic de 100 ml pentru adul\u0163i \u015fi de 60 ml \u020bn cazul copiilor de peste 3 ani. Pentru efecte maxime se recomand\u0103 un consum de cel pu\u0163in 1 lun\u0103. Con\u0163inutul 100% natural, determin\u0103 separarea fazelor atunci c\u00e2nd sticla st\u0103 mai mult timp nemi\u015fcat\u0103. V\u0103 rug\u0103m amesteca\u0163i bine con\u0163inutul!<\/p><p>\u00a0<\/p><p>Produs pentru: <strong>Biocatina Cooperativa Agricola<\/strong><\/p><p>Sat Livezile, nr 299, comuna Valea Mare, jude\u0163ul D\u00e2mbovi\u0163a, Rom\u00e2nia<\/p><p>Telefon: 0040-722 929772, E-mail: <a href=\"mailto:office@biocatina.com\">office@biocatina.com<\/a>\u00a0\u00a0 \/ Web: <a href=\"http:\/\/www.biocatina.com\">www.biocatina.com<\/a>\u00a0<\/p>\t\t\t\t\t\t<\/div>\n\t\t\t\t<\/div>\n\t\t\t\t\t<\/div>\n\t\t\t\t<\/div>\n\t\t\t\t\t<\/div>\n\t\t\t\t<\/div>\n\t\t<div class=\"elementor-element elementor-element-30f8cdcb e-con-boxed e-flex e-con\" data-id=\"30f8cdcb\" data-element_type=\"container\" data-settings=\"{&quot;content_width&quot;:&quot;boxed&quot;}\">\n\t\t\t\t\t<div class=\"e-con-inner\">\n\t\t\t\t<div class=\"elementor-element elementor-element-3cc3f883 elementor-widget elementor-widget-text-editor\" data-id=\"3cc3f883\" data-element_type=\"widget\" data-widget_type=\"text-editor.default\">\n\t\t\t\t<div class=\"elementor-widget-container\">\n\t\t\t\t\t\t\t<table width=\"574\"><tbody><tr><td colspan=\"2\" width=\"574\"><p><strong>Declara\u0163ie nutri\u0163ional\u0103 medie pentru<\/strong> <strong>100 ml suc ecologic de catin\u0103<\/strong><\/p><\/td><\/tr><tr><td width=\"315\"><p>Valoare energetic\u0103<\/p><\/td><td width=\"260\"><p>202 KJ \/ 48 kcal<\/p><\/td><\/tr><tr><td rowspan=\"2\" width=\"315\"><p>Gr\u0103simi, din care<\/p><p>Acizi gra\u015fi satura\u0163i (SFA)<\/p><\/td><td width=\"260\"><p>1,93 g<\/p><\/td><\/tr><tr><td width=\"260\"><p>1,02 g<\/p><\/td><\/tr><tr><td rowspan=\"2\" width=\"315\"><p>Acizi gra\u015fi mononesaturati (MUFA) din care:<\/p><p>\u00a0\u00a0\u00a0\u00a0\u00a0\u00a0\u00a0\u00a0\u00a0 Omega 9<\/p><p>\u00a0\u00a0\u00a0\u00a0\u00a0\u00a0\u00a0\u00a0\u00a0 Omega 7<\/p><\/td><td width=\"260\"><p>0,79 g<\/p><\/td><\/tr><tr><td width=\"260\"><p>0,14 g<\/p><p>0,65 g<\/p><\/td><\/tr><tr><td rowspan=\"2\" width=\"315\"><p>Acizi gra\u015fi polinesaturati (PUFA) din care:<\/p><p>\u00a0\u00a0\u00a0\u00a0\u00a0\u00a0\u00a0\u00a0\u00a0 Omega 3<\/p><p>\u00a0\u00a0\u00a0\u00a0\u00a0\u00a0\u00a0\u00a0\u00a0 Omega 6<\/p><\/td><td width=\"260\"><p>0,12 g<\/p><\/td><\/tr><tr><td width=\"260\"><p>0,03 g<\/p><p>0,09 g<\/p><\/td><\/tr><tr><td rowspan=\"2\" width=\"315\"><p>Glucide,\u00a0 din care<\/p><p>Zaharuri<\/p><\/td><td width=\"260\"><p>7,46 g<\/p><\/td><\/tr><tr><td width=\"260\"><p>1,07 g<\/p><\/td><\/tr><tr><td width=\"315\"><p>Fibre<\/p><\/td><td width=\"260\"><p>1,25 g<\/p><\/td><\/tr><tr><td width=\"315\"><p>Proteine<\/p><\/td><td width=\"260\"><p>0,88 g<\/p><\/td><\/tr><tr><td width=\"315\"><p>Sare *<\/p><\/td><td width=\"260\"><p>0,004 g<\/p><\/td><\/tr><tr><td width=\"315\"><p>Beta \u2013 caroten<\/p><\/td><td width=\"260\"><p>0,235 mg<\/p><\/td><\/tr><tr><td width=\"315\"><p>Vitamina C<\/p><\/td><td width=\"260\"><p>90,6 mg (113% din<strong> VNR<\/strong> **)<\/p><\/td><\/tr><\/tbody><\/table>\t\t\t\t\t\t<\/div>\n\t\t\t\t<\/div>\n\t\t\t\t<div class=\"elementor-element elementor-element-b909412 elementor-widget elementor-widget-text-editor\" data-id=\"b909412\" data-element_type=\"widget\" data-widget_type=\"text-editor.default\">\n\t\t\t\t<div class=\"elementor-widget-container\">\n\t\t\t\t\t\t\t<p><em>*<\/em><em>Con<\/em><em>\u021b<\/em><em>inutul<\/em> <em>de<\/em> <em>sare<\/em> <em>se<\/em> <em>datoreaz<\/em><em>\u0103 <\/em><em>exclusiv<\/em> <em>prezen<\/em><em>\u021b<\/em><em>ei<\/em> <em>sodiului<\/em> <em>\u020b<\/em><em>n<\/em> <em>fructele<\/em> <em>de<\/em> <em>catin<\/em><em>\u0103<\/em><\/p><p><em>** VNR- V<\/em><em>alo<\/em><em>area<\/em><em> nutri\u021bional\u0103 de referin\u021b\u0103 <\/em><\/p>\t\t\t\t\t\t<\/div>\n\t\t\t\t<\/div>\n\t\t\t\t\t<\/div>\n\t\t\t\t<\/div>\n\t\t\t\t\t\t\t<\/div>\n\t\t","protected":false},"excerpt":{"rendered":"<p>Suc de c\u0103tin\u0103 ecologic Presat la rece100 % fruct500\u00a0 ml Bogat \u020bn Vitamina C Surs\u0103 de fibre Con\u0163ine beta \u2013 caroten Con\u0163inut ridicat de acizi gra\u015fi nesatura\u0163i, \u020bn special omega 7 F\u0103r\u0103 zah\u0103r ad\u0103ugat F\u0103r\u0103 ap\u0103 ad\u0103ugat\u0103 Con\u0163ine zaharuri prezente \u020bn mod natural \u020bn fructe Vegan Laterale + Spate Ingrediente: 100 % suc presat la [&hellip;]<\/p>\n","protected":false},"author":1,"featured_media":663,"parent":0,"menu_order":0,"comment_status":"closed","ping_status":"closed","template":"","meta":{"footnotes":""},"class_list":["post-254","page","type-page","status-publish","has-post-thumbnail","hentry"],"_links":{"self":[{"href":"https:\/\/euorganicseabuckthorn.com\/nutrition\/wp-json\/wp\/v2\/pages\/254","targetHints":{"allow":["GET"]}}],"collection":[{"href":"https:\/\/euorganicseabuckthorn.com\/nutrition\/wp-json\/wp\/v2\/pages"}],"about":[{"href":"https:\/\/euorganicseabuckthorn.com\/nutrition\/wp-json\/wp\/v2\/types\/page"}],"author":[{"embeddable":true,"href":"https:\/\/euorganicseabuckthorn.com\/nutrition\/wp-json\/wp\/v2\/users\/1"}],"replies":[{"embeddable":true,"href":"https:\/\/euorganicseabuckthorn.com\/nutrition\/wp-json\/wp\/v2\/comments?post=254"}],"version-history":[{"count":24,"href":"https:\/\/euorganicseabuckthorn.com\/nutrition\/wp-json\/wp\/v2\/pages\/254\/revisions"}],"predecessor-version":[{"id":667,"href":"https:\/\/euorganicseabuckthorn.com\/nutrition\/wp-json\/wp\/v2\/pages\/254\/revisions\/667"}],"wp:featuredmedia":[{"embeddable":true,"href":"https:\/\/euorganicseabuckthorn.com\/nutrition\/wp-json\/wp\/v2\/media\/663"}],"wp:attachment":[{"href":"https:\/\/euorganicseabuckthorn.com\/nutrition\/wp-json\/wp\/v2\/media?parent=254"}],"curies":[{"name":"wp","href":"https:\/\/api.w.org\/{rel}","templated":true}]}}