{"id":267,"date":"2023-10-05T10:21:27","date_gmt":"2023-10-05T10:21:27","guid":{"rendered":"https:\/\/euorganicseabuckthorn.com\/nutrition\/?page_id=267"},"modified":"2023-10-07T06:25:38","modified_gmt":"2023-10-07T06:25:38","slug":"suc-ecologic-de-mere-si-catina","status":"publish","type":"page","link":"https:\/\/euorganicseabuckthorn.com\/nutrition\/suc-ecologic-de-mere-si-catina\/","title":{"rendered":"Suc ecologic de mere \u015fi c\u0103tin\u0103"},"content":{"rendered":"\t\t<div data-elementor-type=\"wp-page\" data-elementor-id=\"267\" class=\"elementor elementor-267\">\n\t\t\t\t\t\t\t<div class=\"elementor-element elementor-element-39c9f73d e-con-boxed e-flex e-con\" data-id=\"39c9f73d\" data-element_type=\"container\" data-settings=\"{&quot;content_width&quot;:&quot;boxed&quot;}\">\n\t\t\t\t\t<div class=\"e-con-inner\">\n\t\t\t\t<div class=\"elementor-element elementor-element-309f6e2d elementor-widget elementor-widget-heading\" data-id=\"309f6e2d\" data-element_type=\"widget\" data-widget_type=\"heading.default\">\n\t\t\t\t<div class=\"elementor-widget-container\">\n\t\t\t<style>\/*! elementor - v3.13.3 - 28-05-2023 *\/\n.elementor-heading-title{padding:0;margin:0;line-height:1}.elementor-widget-heading .elementor-heading-title[class*=elementor-size-]>a{color:inherit;font-size:inherit;line-height:inherit}.elementor-widget-heading .elementor-heading-title.elementor-size-small{font-size:15px}.elementor-widget-heading .elementor-heading-title.elementor-size-medium{font-size:19px}.elementor-widget-heading .elementor-heading-title.elementor-size-large{font-size:29px}.elementor-widget-heading .elementor-heading-title.elementor-size-xl{font-size:39px}.elementor-widget-heading .elementor-heading-title.elementor-size-xxl{font-size:59px}<\/style><h2 class=\"elementor-heading-title elementor-size-default\">Suc ecologic de mere \u015fi c\u0103tin\u0103 <\/h2>\t\t<\/div>\n\t\t\t\t<\/div>\n\t\t\t\t<div class=\"elementor-element elementor-element-79f3b46 elementor-widget elementor-widget-text-editor\" data-id=\"79f3b46\" data-element_type=\"widget\" data-widget_type=\"text-editor.default\">\n\t\t\t\t<div class=\"elementor-widget-container\">\n\t\t\t<style>\/*! elementor - v3.13.3 - 28-05-2023 *\/\n.elementor-widget-text-editor.elementor-drop-cap-view-stacked .elementor-drop-cap{background-color:#69727d;color:#fff}.elementor-widget-text-editor.elementor-drop-cap-view-framed .elementor-drop-cap{color:#69727d;border:3px solid;background-color:transparent}.elementor-widget-text-editor:not(.elementor-drop-cap-view-default) .elementor-drop-cap{margin-top:8px}.elementor-widget-text-editor:not(.elementor-drop-cap-view-default) .elementor-drop-cap-letter{width:1em;height:1em}.elementor-widget-text-editor .elementor-drop-cap{float:left;text-align:center;line-height:1;font-size:50px}.elementor-widget-text-editor .elementor-drop-cap-letter{display:inline-block}<\/style>\t\t\t\t<p><em>Fabricat din fructe 100 % ecologice<br \/><\/em>250 ml<\/p>\t\t\t\t\t\t<\/div>\n\t\t\t\t<\/div>\n\t\t\t\t\t<\/div>\n\t\t\t\t<\/div>\n\t\t<div class=\"elementor-element elementor-element-478677a1 e-con-boxed e-flex e-con\" data-id=\"478677a1\" data-element_type=\"container\" data-settings=\"{&quot;content_width&quot;:&quot;boxed&quot;}\">\n\t\t\t\t\t<div class=\"e-con-inner\">\n\t\t\t\t<div class=\"elementor-element elementor-element-c57466 elementor-widget elementor-widget-image\" data-id=\"c57466\" data-element_type=\"widget\" data-widget_type=\"image.default\">\n\t\t\t\t<div class=\"elementor-widget-container\">\n\t\t\t<style>\/*! elementor - v3.13.3 - 28-05-2023 *\/\n.elementor-widget-image{text-align:center}.elementor-widget-image a{display:inline-block}.elementor-widget-image a img[src$=\".svg\"]{width:48px}.elementor-widget-image img{vertical-align:middle;display:inline-block}<\/style>\t\t\t\t\t\t\t\t\t\t\t\t<img loading=\"lazy\" decoding=\"async\" width=\"724\" height=\"1024\" src=\"https:\/\/euorganicseabuckthorn.com\/nutrition\/wp-content\/uploads\/2023\/10\/mar-724x1024-2.png\" class=\"attachment-large size-large wp-image-680\" alt=\"\" srcset=\"https:\/\/euorganicseabuckthorn.com\/nutrition\/wp-content\/uploads\/2023\/10\/mar-724x1024-2.png 724w, https:\/\/euorganicseabuckthorn.com\/nutrition\/wp-content\/uploads\/2023\/10\/mar-724x1024-2-212x300.png 212w\" sizes=\"auto, (max-width: 724px) 100vw, 724px\" \/>\t\t\t\t\t\t\t\t\t\t\t\t\t\t\t<\/div>\n\t\t\t\t<\/div>\n\t\t<div class=\"elementor-element elementor-element-d956efb e-con-boxed e-flex e-con\" data-id=\"d956efb\" data-element_type=\"container\" data-settings=\"{&quot;content_width&quot;:&quot;boxed&quot;}\">\n\t\t\t\t\t<div class=\"e-con-inner\">\n\t\t\t\t<div class=\"elementor-element elementor-element-8e0b26a elementor-widget elementor-widget-text-editor\" data-id=\"8e0b26a\" data-element_type=\"widget\" data-widget_type=\"text-editor.default\">\n\t\t\t\t<div class=\"elementor-widget-container\">\n\t\t\t\t\t\t\t<ul><li><em>Bogat \u020bn Vitamina C <\/em><\/li><li><em>F\u0103r\u0103 zah\u0103r ad\u0103ugat<\/em><\/li><li><em>F\u0103r\u0103 ap\u0103 ad\u0103ugat\u0103 <\/em><\/li><li><em>Con\u0163ine zaharuri prezente \u020bn mod natural \u020bn fructe<\/em><\/li><li><em>Pasteurizat<\/em><\/li><li><em>Vegan<\/em><\/li><\/ul>\t\t\t\t\t\t<\/div>\n\t\t\t\t<\/div>\n\t\t\t\t<div class=\"elementor-element elementor-element-7c1ced7 elementor-widget elementor-widget-text-editor\" data-id=\"7c1ced7\" data-element_type=\"widget\" data-widget_type=\"text-editor.default\">\n\t\t\t\t<div class=\"elementor-widget-container\">\n\t\t\t\t\t\t\t<p>Ingrediente: 75% suc ecologic de mere*, 25 % suc ecologic de c\u0103tin\u0103 (<em>Hippopae rhamnoides<\/em> <em>L.<\/em>)*<\/p><p>*sucuri presate la rece<\/p><p>\u00a0<\/p><p>\u0162ara de provenien\u0163\u0103 a fructelor: Rom\u00e2nia<\/p><p>Lot \/ Expir\u0103 la: vezi pe capac<\/p><p>\u00a0<\/p><p>A se p\u0103stra \u020bntr-un loc uscat \u015fi racoros, departe de razele soarelui, \u020bn ambalajul original nedesf\u0103cut. Dup\u0103 deschidere, a se p\u0103stra \u020bn frigider \u015fi a se consuma \u020bn maxim 2 s\u0103pt\u0103m\u00e2ni.<\/p><p>Poate ap\u0103rea separarea fazelor \u020bn mod natural. V\u0103 rug\u0103m amesteca\u0163i bine con\u0163inutul!<\/p><p>\u00a0<\/p><p>Produs pentru: <strong>Biocatina Cooperativa Agricola<\/strong><\/p><p>Sat Livezile, nr 299, comuna Valea Mare, jude\u0163ul D\u00e2mbovi\u0163a, Rom\u00e2nia<\/p><p>Telefon: 0040-722 929772, E-mail: <a href=\"mailto:office@biocatina.com\">office@biocatina.com<\/a> \u00a0\u00a0\/ Web: <a href=\"http:\/\/www.biocatina.com\">www.biocatina.com<\/a>\u00a0<\/p>\t\t\t\t\t\t<\/div>\n\t\t\t\t<\/div>\n\t\t\t\t\t<\/div>\n\t\t\t\t<\/div>\n\t\t\t\t\t<\/div>\n\t\t\t\t<\/div>\n\t\t<div class=\"elementor-element elementor-element-30f8cdcb e-con-boxed e-flex e-con\" data-id=\"30f8cdcb\" data-element_type=\"container\" data-settings=\"{&quot;content_width&quot;:&quot;boxed&quot;}\">\n\t\t\t\t\t<div class=\"e-con-inner\">\n\t\t\t\t<div class=\"elementor-element elementor-element-3cc3f883 elementor-widget elementor-widget-text-editor\" data-id=\"3cc3f883\" data-element_type=\"widget\" data-widget_type=\"text-editor.default\">\n\t\t\t\t<div class=\"elementor-widget-container\">\n\t\t\t\t\t\t\t<table width=\"574\"><tbody><tr><td colspan=\"2\" width=\"574\"><p><strong>Declara\u0163ie nutri\u0163ional\u0103 medie pentru<\/strong> <strong>100 ml de suc ecologic<\/strong><\/p><\/td><\/tr><tr><td width=\"218\"><p>Valoare energetic\u0103<\/p><\/td><td width=\"356\"><p>181 kJ \/43 kcal<\/p><\/td><\/tr><tr><td rowspan=\"2\" width=\"218\"><p>Gr\u0103simi, din care<\/p><p>Acizi gra\u015fi satura\u0163i<\/p><\/td><td width=\"356\"><p>0,5 g<\/p><\/td><\/tr><tr><td width=\"356\"><p>0,3 g<\/p><\/td><\/tr><tr><td width=\"218\"><p>Acizi grasi omega-3<\/p><p>Acizi grasi omega-6<\/p><p>Acizi grasi omega-7<\/p><p>Acizi grasi omega-9<\/p><\/td><td width=\"356\"><p>&lt;0,01 g<\/p><p>0,03 g<\/p><p>0,16 g<\/p><p>0,01 g<\/p><\/td><\/tr><tr><td rowspan=\"2\" width=\"218\"><p>Glucide,\u00a0 din care<\/p><p>Zaharuri<\/p><\/td><td width=\"356\"><p>9 g<\/p><\/td><\/tr><tr><td width=\"356\"><p>6,9 g<\/p><\/td><\/tr><tr><td width=\"218\"><p>Fibre<\/p><\/td><td width=\"356\"><p>0,4 g<\/p><\/td><\/tr><tr><td width=\"218\"><p>Proteine<\/p><\/td><td width=\"356\"><p>0,3 g<\/p><\/td><\/tr><tr><td width=\"218\"><p>Sare<\/p><\/td><td width=\"356\"><p>0 g<\/p><\/td><\/tr><tr><td width=\"218\"><p>Vitamina C<\/p><\/td><td width=\"356\"><p>19.7 mg (25 % din VNR *)<\/p><\/td><\/tr><\/tbody><\/table><p>\u00a0<\/p>\t\t\t\t\t\t<\/div>\n\t\t\t\t<\/div>\n\t\t\t\t<div class=\"elementor-element elementor-element-b909412 elementor-widget elementor-widget-text-editor\" data-id=\"b909412\" data-element_type=\"widget\" data-widget_type=\"text-editor.default\">\n\t\t\t\t<div class=\"elementor-widget-container\">\n\t\t\t\t\t\t\t<p><em>** VNR- V<\/em><em>alo<\/em><em>area<\/em><em> nutri\u021bional\u0103 de referin\u021b\u0103 <\/em><\/p>\t\t\t\t\t\t<\/div>\n\t\t\t\t<\/div>\n\t\t\t\t\t<\/div>\n\t\t\t\t<\/div>\n\t\t\t\t\t\t\t<\/div>\n\t\t","protected":false},"excerpt":{"rendered":"<p>Suc ecologic de mere \u015fi c\u0103tin\u0103 Fabricat din fructe 100 % ecologice 250 ml Bogat \u020bn Vitamina C F\u0103r\u0103 zah\u0103r ad\u0103ugat F\u0103r\u0103 ap\u0103 ad\u0103ugat\u0103 Con\u0163ine zaharuri prezente \u020bn mod natural \u020bn fructe Pasteurizat Vegan Ingrediente: 75% suc ecologic de mere*, 25 % suc ecologic de c\u0103tin\u0103 (Hippopae rhamnoides L.)* *sucuri presate la rece \u0162ara de [&hellip;]<\/p>\n","protected":false},"author":1,"featured_media":680,"parent":0,"menu_order":0,"comment_status":"closed","ping_status":"closed","template":"","meta":{"footnotes":""},"class_list":["post-267","page","type-page","status-publish","has-post-thumbnail","hentry"],"_links":{"self":[{"href":"https:\/\/euorganicseabuckthorn.com\/nutrition\/wp-json\/wp\/v2\/pages\/267","targetHints":{"allow":["GET"]}}],"collection":[{"href":"https:\/\/euorganicseabuckthorn.com\/nutrition\/wp-json\/wp\/v2\/pages"}],"about":[{"href":"https:\/\/euorganicseabuckthorn.com\/nutrition\/wp-json\/wp\/v2\/types\/page"}],"author":[{"embeddable":true,"href":"https:\/\/euorganicseabuckthorn.com\/nutrition\/wp-json\/wp\/v2\/users\/1"}],"replies":[{"embeddable":true,"href":"https:\/\/euorganicseabuckthorn.com\/nutrition\/wp-json\/wp\/v2\/comments?post=267"}],"version-history":[{"count":15,"href":"https:\/\/euorganicseabuckthorn.com\/nutrition\/wp-json\/wp\/v2\/pages\/267\/revisions"}],"predecessor-version":[{"id":685,"href":"https:\/\/euorganicseabuckthorn.com\/nutrition\/wp-json\/wp\/v2\/pages\/267\/revisions\/685"}],"wp:featuredmedia":[{"embeddable":true,"href":"https:\/\/euorganicseabuckthorn.com\/nutrition\/wp-json\/wp\/v2\/media\/680"}],"wp:attachment":[{"href":"https:\/\/euorganicseabuckthorn.com\/nutrition\/wp-json\/wp\/v2\/media?parent=267"}],"curies":[{"name":"wp","href":"https:\/\/api.w.org\/{rel}","templated":true}]}}