{"id":513,"date":"2023-10-07T05:57:10","date_gmt":"2023-10-07T05:57:10","guid":{"rendered":"https:\/\/euorganicseabuckthorn.com\/nutrition\/?page_id=513"},"modified":"2023-10-07T05:57:10","modified_gmt":"2023-10-07T05:57:10","slug":"ulei-de-catina-bio","status":"publish","type":"page","link":"https:\/\/euorganicseabuckthorn.com\/nutrition\/ulei-de-catina-bio\/","title":{"rendered":"Ulei de catina Bio"},"content":{"rendered":"\t\t<div data-elementor-type=\"wp-page\" data-elementor-id=\"513\" class=\"elementor elementor-513\">\n\t\t\t\t\t\t\t<div class=\"elementor-element elementor-element-39c9f73d e-con-boxed e-flex e-con\" data-id=\"39c9f73d\" data-element_type=\"container\" data-settings=\"{&quot;content_width&quot;:&quot;boxed&quot;}\">\n\t\t\t\t\t<div class=\"e-con-inner\">\n\t\t\t\t<div class=\"elementor-element elementor-element-309f6e2d elementor-widget elementor-widget-heading\" data-id=\"309f6e2d\" data-element_type=\"widget\" data-widget_type=\"heading.default\">\n\t\t\t\t<div class=\"elementor-widget-container\">\n\t\t\t<style>\/*! elementor - v3.13.3 - 28-05-2023 *\/\n.elementor-heading-title{padding:0;margin:0;line-height:1}.elementor-widget-heading .elementor-heading-title[class*=elementor-size-]>a{color:inherit;font-size:inherit;line-height:inherit}.elementor-widget-heading .elementor-heading-title.elementor-size-small{font-size:15px}.elementor-widget-heading .elementor-heading-title.elementor-size-medium{font-size:19px}.elementor-widget-heading .elementor-heading-title.elementor-size-large{font-size:29px}.elementor-widget-heading .elementor-heading-title.elementor-size-xl{font-size:39px}.elementor-widget-heading .elementor-heading-title.elementor-size-xxl{font-size:59px}<\/style><h2 class=\"elementor-heading-title elementor-size-default\">Ulei de catina Bio<\/h2>\t\t<\/div>\n\t\t\t\t<\/div>\n\t\t\t\t<div class=\"elementor-element elementor-element-79f3b46 elementor-widget elementor-widget-text-editor\" data-id=\"79f3b46\" data-element_type=\"widget\" data-widget_type=\"text-editor.default\">\n\t\t\t\t<div class=\"elementor-widget-container\">\n\t\t\t<style>\/*! elementor - v3.13.3 - 28-05-2023 *\/\n.elementor-widget-text-editor.elementor-drop-cap-view-stacked .elementor-drop-cap{background-color:#69727d;color:#fff}.elementor-widget-text-editor.elementor-drop-cap-view-framed .elementor-drop-cap{color:#69727d;border:3px solid;background-color:transparent}.elementor-widget-text-editor:not(.elementor-drop-cap-view-default) .elementor-drop-cap{margin-top:8px}.elementor-widget-text-editor:not(.elementor-drop-cap-view-default) .elementor-drop-cap-letter{width:1em;height:1em}.elementor-widget-text-editor .elementor-drop-cap{float:left;text-align:center;line-height:1;font-size:50px}.elementor-widget-text-editor .elementor-drop-cap-letter{display:inline-block}<\/style>\t\t\t\t<p>15 ml<\/p>\t\t\t\t\t\t<\/div>\n\t\t\t\t<\/div>\n\t\t\t\t\t<\/div>\n\t\t\t\t<\/div>\n\t\t<div class=\"elementor-element elementor-element-478677a1 e-con-boxed e-flex e-con\" data-id=\"478677a1\" data-element_type=\"container\" data-settings=\"{&quot;content_width&quot;:&quot;boxed&quot;}\">\n\t\t\t\t\t<div class=\"e-con-inner\">\n\t\t\t\t<div class=\"elementor-element elementor-element-c57466 elementor-widget elementor-widget-image\" data-id=\"c57466\" data-element_type=\"widget\" data-widget_type=\"image.default\">\n\t\t\t\t<div class=\"elementor-widget-container\">\n\t\t\t<style>\/*! elementor - v3.13.3 - 28-05-2023 *\/\n.elementor-widget-image{text-align:center}.elementor-widget-image a{display:inline-block}.elementor-widget-image a img[src$=\".svg\"]{width:48px}.elementor-widget-image img{vertical-align:middle;display:inline-block}<\/style>\t\t\t\t\t\t\t\t\t\t\t\t<img loading=\"lazy\" decoding=\"async\" width=\"724\" height=\"1024\" src=\"https:\/\/euorganicseabuckthorn.com\/nutrition\/wp-content\/uploads\/2023\/10\/ulei-724x1024-2.png\" class=\"attachment-large size-large wp-image-543\" alt=\"\" srcset=\"https:\/\/euorganicseabuckthorn.com\/nutrition\/wp-content\/uploads\/2023\/10\/ulei-724x1024-2.png 724w, https:\/\/euorganicseabuckthorn.com\/nutrition\/wp-content\/uploads\/2023\/10\/ulei-724x1024-2-212x300.png 212w\" sizes=\"auto, (max-width: 724px) 100vw, 724px\" \/>\t\t\t\t\t\t\t\t\t\t\t\t\t\t\t<\/div>\n\t\t\t\t<\/div>\n\t\t<div class=\"elementor-element elementor-element-d956efb e-con-boxed e-flex e-con\" data-id=\"d956efb\" data-element_type=\"container\" data-settings=\"{&quot;content_width&quot;:&quot;boxed&quot;}\">\n\t\t\t\t\t<div class=\"e-con-inner\">\n\t\t\t\t<div class=\"elementor-element elementor-element-8e0b26a elementor-widget elementor-widget-text-editor\" data-id=\"8e0b26a\" data-element_type=\"widget\" data-widget_type=\"text-editor.default\">\n\t\t\t\t<div class=\"elementor-widget-container\">\n\t\t\t\t\t\t\t<ul><li><span style=\"background-color: transparent; font-family: var( --e-global-typography-text-font-family ), Sans-serif; font-weight: var( --e-global-typography-text-font-weight ); text-align: var(--text-align);\">Vegan<\/span><\/li><li><span style=\"background-color: transparent; font-family: var( --e-global-typography-text-font-family ), Sans-serif; font-weight: var( --e-global-typography-text-font-weight ); text-align: var(--text-align);\">Presat la rece din fruct \u00eentreg<\/span><\/li><li><span style=\"background-color: transparent; font-family: var( --e-global-typography-text-font-family ), Sans-serif; font-weight: var( --e-global-typography-text-font-weight ); text-align: var(--text-align);\">Bogat \u020bn Vitamina C, A, E<\/span><\/li><li><span style=\"background-color: transparent; font-family: var( --e-global-typography-text-font-family ), Sans-serif; font-weight: var( --e-global-typography-text-font-weight ); text-align: var(--text-align);\">Bogat in beta \u2013 caroten<\/span><\/li><li><span style=\"background-color: transparent; font-family: var( --e-global-typography-text-font-family ), Sans-serif; font-weight: var( --e-global-typography-text-font-weight ); text-align: var(--text-align);\">Con\u021bine acizi gra\u0219i nesatura\u021bi omega 7 &amp;amp; 9<\/span><\/li><li><span style=\"background-color: transparent; font-family: var( --e-global-typography-text-font-family ), Sans-serif; font-weight: var( --e-global-typography-text-font-weight ); text-align: var(--text-align);\">Far\u0103 conservan\u021bi<\/span><\/li><li><span style=\"background-color: transparent; font-family: var( --e-global-typography-text-font-family ), Sans-serif; font-weight: var( --e-global-typography-text-font-weight ); text-align: var(--text-align);\">F\u0103r\u0103 OMG<\/span><\/li><\/ul>\t\t\t\t\t\t<\/div>\n\t\t\t\t<\/div>\n\t\t\t\t<div class=\"elementor-element elementor-element-7c1ced7 elementor-widget elementor-widget-text-editor\" data-id=\"7c1ced7\" data-element_type=\"widget\" data-widget_type=\"text-editor.default\">\n\t\t\t\t<div class=\"elementor-widget-container\">\n\t\t\t\t\t\t\t<p>Ingrediente: 100 % Ulei ecologic presat la rece din fruct \u00eentreg de c\u0103tin\u0103 (Hippopae rhamnoides<br \/>L.)<\/p><p><br \/>Notificare nr. 0628\/3.03.2020<br \/>\u0162ara de provenien\u0163\u0103 a fructelor: Rom\u00e2nia \/ UE<br \/>Lot \/ Expir\u0103 la:<\/p><p><br \/>Indica\u021bii de p\u0103strare:<br \/>A se p\u0103stra la temperatura camerei departe de razele soarelui \u00een ambalajul bine \u00eenchis. A se<br \/>consuma de preferin\u021b\u0103 \u00eenainte de termenul \u00eenscris pe cutie, \u00een 3 luni de la deschidere.<\/p><p><br \/>Mod de utilizare<br \/>Adul\u021bi: c\u00e2te 20 de pic\u0103turi de 2 ori pe zi, timp de 1 lun\u0103<br \/>Copii: c\u00e2te 10 pic\u0103turi de 2 ori pe zi, timp de 1 lun\u0103.<\/p><p><br \/>Contraindica\u021bii \/ Precau\u021bii<br \/>A se citi prospectul \u00eenainte de utilizare. A nu se dep\u0103\u0219i doza zilnic\u0103 recomandat\u0103 pentru<br \/>consumul zilnic.<br \/>Produsul este un supliment alimentar \u0219i nu trebuie s\u0103 \u00eenlocuiasc\u0103 o diet\u0103 nvariat\u0103, echilibrat\u0103 \u0219i<br \/>un stil de via\u021b\u0103 s\u0103n\u0103tos. A nu se l\u0103sa la \u00eendem\u00e2na \u0219i vederea copiilor mici.<\/p><p><br \/>Uz Extern<br \/>Este un ideal adjuvant \u00een \u00eengrijirea pielii, a r\u0103nilor u\u0219oare \u0219i a ale arsurilor. Foarte bun cicatrizant.<\/p><p><br \/>Produs pentru: Biocatina Cooperativa Agricola<br \/>Calea Mo\u0219ilor, Nr.88, sc.B, et.2, ap.28, 030152, Sect. 3, Bucure\u0219ti, Romania<br \/>Web: www.biocatina.com<\/p>\t\t\t\t\t\t<\/div>\n\t\t\t\t<\/div>\n\t\t\t\t<div class=\"elementor-element elementor-element-d10b3b9 elementor-widget elementor-widget-text-editor\" data-id=\"d10b3b9\" data-element_type=\"widget\" data-widget_type=\"text-editor.default\">\n\t\t\t\t<div class=\"elementor-widget-container\">\n\t\t\t\t\t\t\t<p>* VNR- Valoarea nutri\u021bional\u0103 de referin\u021b\u0103<br \/>**Analizele au fost efectuate la Institutul de Cercetare \u2013 Dezvoltare pentru Bioresurse Alimentare<\/p>\t\t\t\t\t\t<\/div>\n\t\t\t\t<\/div>\n\t\t\t\t\t<\/div>\n\t\t\t\t<\/div>\n\t\t\t\t\t<\/div>\n\t\t\t\t<\/div>\n\t\t<div class=\"elementor-element elementor-element-30f8cdcb e-con-boxed e-flex e-con\" data-id=\"30f8cdcb\" data-element_type=\"container\" data-settings=\"{&quot;content_width&quot;:&quot;boxed&quot;}\">\n\t\t\t\t\t<div class=\"e-con-inner\">\n\t\t\t\t\t<\/div>\n\t\t\t\t<\/div>\n\t\t\t\t\t\t\t<\/div>\n\t\t","protected":false},"excerpt":{"rendered":"<p>Ulei de catina Bio 15 ml Vegan Presat la rece din fruct \u00eentreg Bogat \u020bn Vitamina C, A, E Bogat in beta \u2013 caroten Con\u021bine acizi gra\u0219i nesatura\u021bi omega 7 &amp;amp; 9 Far\u0103 conservan\u021bi F\u0103r\u0103 OMG Ingrediente: 100 % Ulei ecologic presat la rece din fruct \u00eentreg de c\u0103tin\u0103 (Hippopae rhamnoides L.) Notificare nr. 0628\/3.03.2020 [&hellip;]<\/p>\n","protected":false},"author":1,"featured_media":543,"parent":0,"menu_order":0,"comment_status":"closed","ping_status":"closed","template":"","meta":{"footnotes":""},"class_list":["post-513","page","type-page","status-publish","has-post-thumbnail","hentry"],"_links":{"self":[{"href":"https:\/\/euorganicseabuckthorn.com\/nutrition\/wp-json\/wp\/v2\/pages\/513","targetHints":{"allow":["GET"]}}],"collection":[{"href":"https:\/\/euorganicseabuckthorn.com\/nutrition\/wp-json\/wp\/v2\/pages"}],"about":[{"href":"https:\/\/euorganicseabuckthorn.com\/nutrition\/wp-json\/wp\/v2\/types\/page"}],"author":[{"embeddable":true,"href":"https:\/\/euorganicseabuckthorn.com\/nutrition\/wp-json\/wp\/v2\/users\/1"}],"replies":[{"embeddable":true,"href":"https:\/\/euorganicseabuckthorn.com\/nutrition\/wp-json\/wp\/v2\/comments?post=513"}],"version-history":[{"count":14,"href":"https:\/\/euorganicseabuckthorn.com\/nutrition\/wp-json\/wp\/v2\/pages\/513\/revisions"}],"predecessor-version":[{"id":548,"href":"https:\/\/euorganicseabuckthorn.com\/nutrition\/wp-json\/wp\/v2\/pages\/513\/revisions\/548"}],"wp:featuredmedia":[{"embeddable":true,"href":"https:\/\/euorganicseabuckthorn.com\/nutrition\/wp-json\/wp\/v2\/media\/543"}],"wp:attachment":[{"href":"https:\/\/euorganicseabuckthorn.com\/nutrition\/wp-json\/wp\/v2\/media?parent=513"}],"curies":[{"name":"wp","href":"https:\/\/api.w.org\/{rel}","templated":true}]}}