{"id":522,"date":"2023-10-07T05:59:58","date_gmt":"2023-10-07T05:59:58","guid":{"rendered":"https:\/\/euorganicseabuckthorn.com\/nutrition\/?page_id=522"},"modified":"2023-10-07T05:59:58","modified_gmt":"2023-10-07T05:59:58","slug":"capsule-cu-pudra-de-catina","status":"publish","type":"page","link":"https:\/\/euorganicseabuckthorn.com\/nutrition\/capsule-cu-pudra-de-catina\/","title":{"rendered":"Capsule cu pudr\u0103 de c\u0103tin\u0103"},"content":{"rendered":"\t\t<div data-elementor-type=\"wp-page\" data-elementor-id=\"522\" class=\"elementor elementor-522\">\n\t\t\t\t\t\t\t<div class=\"elementor-element elementor-element-39c9f73d e-con-boxed e-flex e-con\" data-id=\"39c9f73d\" data-element_type=\"container\" data-settings=\"{&quot;content_width&quot;:&quot;boxed&quot;}\">\n\t\t\t\t\t<div class=\"e-con-inner\">\n\t\t\t\t<div class=\"elementor-element elementor-element-309f6e2d elementor-widget elementor-widget-heading\" data-id=\"309f6e2d\" data-element_type=\"widget\" data-widget_type=\"heading.default\">\n\t\t\t\t<div class=\"elementor-widget-container\">\n\t\t\t<style>\/*! elementor - v3.13.3 - 28-05-2023 *\/\n.elementor-heading-title{padding:0;margin:0;line-height:1}.elementor-widget-heading .elementor-heading-title[class*=elementor-size-]>a{color:inherit;font-size:inherit;line-height:inherit}.elementor-widget-heading .elementor-heading-title.elementor-size-small{font-size:15px}.elementor-widget-heading .elementor-heading-title.elementor-size-medium{font-size:19px}.elementor-widget-heading .elementor-heading-title.elementor-size-large{font-size:29px}.elementor-widget-heading .elementor-heading-title.elementor-size-xl{font-size:39px}.elementor-widget-heading .elementor-heading-title.elementor-size-xxl{font-size:59px}<\/style><h2 class=\"elementor-heading-title elementor-size-default\">Capsule cu pudr\u0103 de c\u0103tin\u0103<\/h2>\t\t<\/div>\n\t\t\t\t<\/div>\n\t\t\t\t<div class=\"elementor-element elementor-element-79f3b46 elementor-widget elementor-widget-text-editor\" data-id=\"79f3b46\" data-element_type=\"widget\" data-widget_type=\"text-editor.default\">\n\t\t\t\t<div class=\"elementor-widget-container\">\n\t\t\t<style>\/*! elementor - v3.13.3 - 28-05-2023 *\/\n.elementor-widget-text-editor.elementor-drop-cap-view-stacked .elementor-drop-cap{background-color:#69727d;color:#fff}.elementor-widget-text-editor.elementor-drop-cap-view-framed .elementor-drop-cap{color:#69727d;border:3px solid;background-color:transparent}.elementor-widget-text-editor:not(.elementor-drop-cap-view-default) .elementor-drop-cap{margin-top:8px}.elementor-widget-text-editor:not(.elementor-drop-cap-view-default) .elementor-drop-cap-letter{width:1em;height:1em}.elementor-widget-text-editor .elementor-drop-cap{float:left;text-align:center;line-height:1;font-size:50px}.elementor-widget-text-editor .elementor-drop-cap-letter{display:inline-block}<\/style>\t\t\t\t<p>100% pudr\u0103 de c\u0103tin\u0103<br \/>Fabricat din fructe 100 % ecologice<\/p>\t\t\t\t\t\t<\/div>\n\t\t\t\t<\/div>\n\t\t\t\t\t<\/div>\n\t\t\t\t<\/div>\n\t\t<div class=\"elementor-element elementor-element-478677a1 e-con-boxed e-flex e-con\" data-id=\"478677a1\" data-element_type=\"container\" data-settings=\"{&quot;content_width&quot;:&quot;boxed&quot;}\">\n\t\t\t\t\t<div class=\"e-con-inner\">\n\t\t\t\t<div class=\"elementor-element elementor-element-c57466 elementor-widget elementor-widget-image\" data-id=\"c57466\" data-element_type=\"widget\" data-widget_type=\"image.default\">\n\t\t\t\t<div class=\"elementor-widget-container\">\n\t\t\t<style>\/*! elementor - v3.13.3 - 28-05-2023 *\/\n.elementor-widget-image{text-align:center}.elementor-widget-image a{display:inline-block}.elementor-widget-image a img[src$=\".svg\"]{width:48px}.elementor-widget-image img{vertical-align:middle;display:inline-block}<\/style>\t\t\t\t\t\t\t\t\t\t\t\t<img loading=\"lazy\" decoding=\"async\" width=\"724\" height=\"1024\" src=\"https:\/\/euorganicseabuckthorn.com\/nutrition\/wp-content\/uploads\/2023\/10\/capsule-724x1024-1.png\" class=\"attachment-large size-large wp-image-552\" alt=\"\" srcset=\"https:\/\/euorganicseabuckthorn.com\/nutrition\/wp-content\/uploads\/2023\/10\/capsule-724x1024-1.png 724w, https:\/\/euorganicseabuckthorn.com\/nutrition\/wp-content\/uploads\/2023\/10\/capsule-724x1024-1-212x300.png 212w\" sizes=\"auto, (max-width: 724px) 100vw, 724px\" \/>\t\t\t\t\t\t\t\t\t\t\t\t\t\t\t<\/div>\n\t\t\t\t<\/div>\n\t\t<div class=\"elementor-element elementor-element-d956efb e-con-boxed e-flex e-con\" data-id=\"d956efb\" data-element_type=\"container\" data-settings=\"{&quot;content_width&quot;:&quot;boxed&quot;}\">\n\t\t\t\t\t<div class=\"e-con-inner\">\n\t\t\t\t<div class=\"elementor-element elementor-element-8e0b26a elementor-widget elementor-widget-text-editor\" data-id=\"8e0b26a\" data-element_type=\"widget\" data-widget_type=\"text-editor.default\">\n\t\t\t\t<div class=\"elementor-widget-container\">\n\t\t\t\t\t\t\t<ul><li>Bogat \u020bn Vitamina C<\/li><li>F\u0103r\u0103 zah\u0103r ad\u0103ugat<\/li><li>F\u0103r\u0103 gluten<\/li><li>F\u0103r\u0103 conservan\u021bi<\/li><li>Vegan<\/li><\/ul>\t\t\t\t\t\t<\/div>\n\t\t\t\t<\/div>\n\t\t\t\t<div class=\"elementor-element elementor-element-7c1ced7 elementor-widget elementor-widget-text-editor\" data-id=\"7c1ced7\" data-element_type=\"widget\" data-widget_type=\"text-editor.default\">\n\t\t\t\t<div class=\"elementor-widget-container\">\n\t\t\t\t\t\t\t<p>Ingrediente: 100 % c\u0103tin\u0103 (Hippopae rhamnoides L.) ecologic\u0103 m\u0103cinat\u0103 din fruct \u00eentreg<br \/>deshidratat\u0219 Capsule vegetale<\/p><p><br \/>\u0162ara de provenien\u0163\u0103 a fructelor: Rom\u00e2nia<br \/>Lot \/ Expir\u0103 la: este mentionat pe capac<\/p><p><br \/>Indica\u021bii de p\u0103strare:<br \/>A se p\u0103stra \u020bntr-un loc uscat la temperature camerei \u00een ambalajul original, departe de surse de<br \/>c\u0103ldur\u0103 \u0219i de razele soarelui. Dup\u0103 deschidere, a se consuma \u020bn maxim 4 s\u0103pt\u0103m\u00e2ni.<\/p><p><br \/>Mod de utilizare:<br \/>C\u00e2te 3 capsule pe zi, inainte de mas\u0103 sau \u00een timpul mesei. Produsul este un supliment alimentar<br \/>\u0219i nu inlocuie\u0219te o diet\u0103 echilibrat\u0103 \u0219i un stil de via\u021b\u0103 s\u0103n\u0103tos. A nu se dep\u0103\u0219i doza recomandat\u0103<br \/>pentru consumul zilnic. A nu se l\u0103sa la \u00eendem\u00e2n copiilor mici. Femeile ins\u0103rcinate \u0219i cei care<br \/>sufer\u0103 de hipersensibilitate arterial\u0103 trebuie s\u0103 consulte medicul \u00eenainte de a utiliza acest<br \/>supliment alimentar<span style=\"font-family: var( --e-global-typography-text-font-family ), Sans-serif; font-weight: var( --e-global-typography-text-font-weight ); text-align: var(--text-align); font-size: 1rem;\">.<\/span><\/p><p>Produs pentru: Biocatina Cooperativa Agricola<br \/>Calea Mo\u0219ilor, Nr.88, sc.B, et.2, ap.28, 030152, Sect. 3, Bucure\u0219ti, Romania<br \/>Web: www.biocatina.com<\/p>\t\t\t\t\t\t<\/div>\n\t\t\t\t<\/div>\n\t\t\t\t\t<\/div>\n\t\t\t\t<\/div>\n\t\t\t\t\t<\/div>\n\t\t\t\t<\/div>\n\t\t<div class=\"elementor-element elementor-element-30f8cdcb e-con-boxed e-flex e-con\" data-id=\"30f8cdcb\" data-element_type=\"container\" data-settings=\"{&quot;content_width&quot;:&quot;boxed&quot;}\">\n\t\t\t\t\t<div class=\"e-con-inner\">\n\t\t\t\t<div class=\"elementor-element elementor-element-987bfff elementor-widget elementor-widget-text-editor\" data-id=\"987bfff\" data-element_type=\"widget\" data-widget_type=\"text-editor.default\">\n\t\t\t\t<div class=\"elementor-widget-container\">\n\t\t\t\t\t\t\t<table width=\"574\"><tbody><tr><td colspan=\"2\" width=\"574\"><p>Declara\u0163ie nutri\u0163ional\u0103 medie pentru 3 capsule<\/p><\/td><\/tr><tr><td width=\"218\"><p>Valoare energetic\u0103<\/p><\/td><td width=\"356\"><p>85 kJ \/20 kcal<\/p><\/td><\/tr><tr><td rowspan=\"2\" width=\"218\"><p>Gr\u0103simi, din care<\/p><p>Acizi gra\u015fi satura\u0163i<\/p><\/td><td width=\"356\"><p>0,5 g<\/p><\/td><\/tr><tr><td width=\"356\"><p>0,2 g<\/p><\/td><\/tr><tr><td rowspan=\"2\" width=\"218\"><p>Glucide,\u00a0 din care<\/p><p>Zaharuri<\/p><\/td><td width=\"356\"><p>2,8 g<\/p><\/td><\/tr><tr><td width=\"356\"><p>0,1 g<\/p><\/td><\/tr><tr><td width=\"218\"><p>Fibre<\/p><\/td><td width=\"356\"><p>0,9 g<\/p><\/td><\/tr><tr><td width=\"218\"><p>Proteine<\/p><\/td><td width=\"356\"><p>0,5 g<\/p><\/td><\/tr><tr><td width=\"218\"><p>Sare<\/p><\/td><td width=\"356\"><p>0 g<\/p><\/td><\/tr><tr><td width=\"218\"><p>Beta &#8211; caroten<\/p><\/td><td width=\"356\"><p>2,5 mg<\/p><\/td><\/tr><tr><td width=\"218\"><p>Acid C16:1-palmitoleic (omega 7)<\/p><\/td><td width=\"356\"><p>8,8 mg<\/p><\/td><\/tr><tr><td width=\"218\"><p>Acid C18:1-cls vaccenic (omega 7)<\/p><\/td><td width=\"356\"><p>9,7 mg<\/p><\/td><\/tr><tr><td width=\"218\"><p>Acid C18:1-t elaidic (omega 9)<\/p><\/td><td width=\"356\"><p>2,2 mg<\/p><\/td><\/tr><tr><td width=\"218\"><p>Vitamina C<\/p><\/td><td width=\"356\"><p>19.7 mg (25 % din VNR *)<\/p><\/td><\/tr><\/tbody><\/table>\t\t\t\t\t\t<\/div>\n\t\t\t\t<\/div>\n\t\t\t\t<div class=\"elementor-element elementor-element-c2806d9 elementor-widget elementor-widget-text-editor\" data-id=\"c2806d9\" data-element_type=\"widget\" data-widget_type=\"text-editor.default\">\n\t\t\t\t<div class=\"elementor-widget-container\">\n\t\t\t\t\t\t\t<p>Notificare nr. 0629\/3.03.2020<br \/><br \/><\/p><p><em>\u00a0<\/em><em>* VNR- Valo<\/em><em>area nutri\u021bional\u0103 de referin\u021b\u0103 <\/em><\/p><p><em>**Analizele au fost efectuate la Institutul de Cercetare \u2013 Dezvoltare pentru Bioresurse Alimentare <\/em><\/p>\t\t\t\t\t\t<\/div>\n\t\t\t\t<\/div>\n\t\t\t\t\t<\/div>\n\t\t\t\t<\/div>\n\t\t\t\t\t\t\t<\/div>\n\t\t","protected":false},"excerpt":{"rendered":"<p>Capsule cu pudr\u0103 de c\u0103tin\u0103 100% pudr\u0103 de c\u0103tin\u0103 Fabricat din fructe 100 % ecologice Bogat \u020bn Vitamina C F\u0103r\u0103 zah\u0103r ad\u0103ugat F\u0103r\u0103 gluten F\u0103r\u0103 conservan\u021bi Vegan Ingrediente: 100 % c\u0103tin\u0103 (Hippopae rhamnoides L.) ecologic\u0103 m\u0103cinat\u0103 din fruct \u00eentreg deshidratat\u0219 Capsule vegetale \u0162ara de provenien\u0163\u0103 a fructelor: Rom\u00e2nia Lot \/ Expir\u0103 la: este mentionat pe [&hellip;]<\/p>\n","protected":false},"author":1,"featured_media":552,"parent":0,"menu_order":0,"comment_status":"closed","ping_status":"closed","template":"","meta":{"footnotes":""},"class_list":["post-522","page","type-page","status-publish","has-post-thumbnail","hentry"],"_links":{"self":[{"href":"https:\/\/euorganicseabuckthorn.com\/nutrition\/wp-json\/wp\/v2\/pages\/522","targetHints":{"allow":["GET"]}}],"collection":[{"href":"https:\/\/euorganicseabuckthorn.com\/nutrition\/wp-json\/wp\/v2\/pages"}],"about":[{"href":"https:\/\/euorganicseabuckthorn.com\/nutrition\/wp-json\/wp\/v2\/types\/page"}],"author":[{"embeddable":true,"href":"https:\/\/euorganicseabuckthorn.com\/nutrition\/wp-json\/wp\/v2\/users\/1"}],"replies":[{"embeddable":true,"href":"https:\/\/euorganicseabuckthorn.com\/nutrition\/wp-json\/wp\/v2\/comments?post=522"}],"version-history":[{"count":19,"href":"https:\/\/euorganicseabuckthorn.com\/nutrition\/wp-json\/wp\/v2\/pages\/522\/revisions"}],"predecessor-version":[{"id":567,"href":"https:\/\/euorganicseabuckthorn.com\/nutrition\/wp-json\/wp\/v2\/pages\/522\/revisions\/567"}],"wp:featuredmedia":[{"embeddable":true,"href":"https:\/\/euorganicseabuckthorn.com\/nutrition\/wp-json\/wp\/v2\/media\/552"}],"wp:attachment":[{"href":"https:\/\/euorganicseabuckthorn.com\/nutrition\/wp-json\/wp\/v2\/media?parent=522"}],"curies":[{"name":"wp","href":"https:\/\/api.w.org\/{rel}","templated":true}]}}