{"id":529,"date":"2023-10-07T06:04:15","date_gmt":"2023-10-07T06:04:15","guid":{"rendered":"https:\/\/euorganicseabuckthorn.com\/nutrition\/?page_id=529"},"modified":"2023-10-07T06:04:15","modified_gmt":"2023-10-07T06:04:15","slug":"catina-macinata","status":"publish","type":"page","link":"https:\/\/euorganicseabuckthorn.com\/nutrition\/catina-macinata\/","title":{"rendered":"Catina macinata"},"content":{"rendered":"\t\t<div data-elementor-type=\"wp-page\" data-elementor-id=\"529\" class=\"elementor elementor-529\">\n\t\t\t\t\t\t\t<div class=\"elementor-element elementor-element-39c9f73d e-con-boxed e-flex e-con\" data-id=\"39c9f73d\" data-element_type=\"container\" data-settings=\"{&quot;content_width&quot;:&quot;boxed&quot;}\">\n\t\t\t\t\t<div class=\"e-con-inner\">\n\t\t\t\t<div class=\"elementor-element elementor-element-309f6e2d elementor-widget elementor-widget-heading\" data-id=\"309f6e2d\" data-element_type=\"widget\" data-widget_type=\"heading.default\">\n\t\t\t\t<div class=\"elementor-widget-container\">\n\t\t\t<style>\/*! elementor - v3.13.3 - 28-05-2023 *\/\n.elementor-heading-title{padding:0;margin:0;line-height:1}.elementor-widget-heading .elementor-heading-title[class*=elementor-size-]>a{color:inherit;font-size:inherit;line-height:inherit}.elementor-widget-heading .elementor-heading-title.elementor-size-small{font-size:15px}.elementor-widget-heading .elementor-heading-title.elementor-size-medium{font-size:19px}.elementor-widget-heading .elementor-heading-title.elementor-size-large{font-size:29px}.elementor-widget-heading .elementor-heading-title.elementor-size-xl{font-size:39px}.elementor-widget-heading .elementor-heading-title.elementor-size-xxl{font-size:59px}<\/style><h2 class=\"elementor-heading-title elementor-size-default\">Catina macinata <\/h2>\t\t<\/div>\n\t\t\t\t<\/div>\n\t\t\t\t<div class=\"elementor-element elementor-element-79f3b46 elementor-widget elementor-widget-text-editor\" data-id=\"79f3b46\" data-element_type=\"widget\" data-widget_type=\"text-editor.default\">\n\t\t\t\t<div class=\"elementor-widget-container\">\n\t\t\t<style>\/*! elementor - v3.13.3 - 28-05-2023 *\/\n.elementor-widget-text-editor.elementor-drop-cap-view-stacked .elementor-drop-cap{background-color:#69727d;color:#fff}.elementor-widget-text-editor.elementor-drop-cap-view-framed .elementor-drop-cap{color:#69727d;border:3px solid;background-color:transparent}.elementor-widget-text-editor:not(.elementor-drop-cap-view-default) .elementor-drop-cap{margin-top:8px}.elementor-widget-text-editor:not(.elementor-drop-cap-view-default) .elementor-drop-cap-letter{width:1em;height:1em}.elementor-widget-text-editor .elementor-drop-cap{float:left;text-align:center;line-height:1;font-size:50px}.elementor-widget-text-editor .elementor-drop-cap-letter{display:inline-block}<\/style>\t\t\t\t<p>50 g<\/p>\t\t\t\t\t\t<\/div>\n\t\t\t\t<\/div>\n\t\t\t\t\t<\/div>\n\t\t\t\t<\/div>\n\t\t<div class=\"elementor-element elementor-element-478677a1 e-con-boxed e-flex e-con\" data-id=\"478677a1\" data-element_type=\"container\" data-settings=\"{&quot;content_width&quot;:&quot;boxed&quot;}\">\n\t\t\t\t\t<div class=\"e-con-inner\">\n\t\t\t\t<div class=\"elementor-element elementor-element-c57466 elementor-widget elementor-widget-image\" data-id=\"c57466\" data-element_type=\"widget\" data-widget_type=\"image.default\">\n\t\t\t\t<div class=\"elementor-widget-container\">\n\t\t\t<style>\/*! elementor - v3.13.3 - 28-05-2023 *\/\n.elementor-widget-image{text-align:center}.elementor-widget-image a{display:inline-block}.elementor-widget-image a img[src$=\".svg\"]{width:48px}.elementor-widget-image img{vertical-align:middle;display:inline-block}<\/style>\t\t\t\t\t\t\t\t\t\t\t\t<img loading=\"lazy\" decoding=\"async\" width=\"724\" height=\"1024\" src=\"https:\/\/euorganicseabuckthorn.com\/nutrition\/wp-content\/uploads\/2023\/10\/macinata-724x1024-2.png\" class=\"attachment-large size-large wp-image-568\" alt=\"\" srcset=\"https:\/\/euorganicseabuckthorn.com\/nutrition\/wp-content\/uploads\/2023\/10\/macinata-724x1024-2.png 724w, https:\/\/euorganicseabuckthorn.com\/nutrition\/wp-content\/uploads\/2023\/10\/macinata-724x1024-2-212x300.png 212w\" sizes=\"auto, (max-width: 724px) 100vw, 724px\" \/>\t\t\t\t\t\t\t\t\t\t\t\t\t\t\t<\/div>\n\t\t\t\t<\/div>\n\t\t<div class=\"elementor-element elementor-element-d956efb e-con-boxed e-flex e-con\" data-id=\"d956efb\" data-element_type=\"container\" data-settings=\"{&quot;content_width&quot;:&quot;boxed&quot;}\">\n\t\t\t\t\t<div class=\"e-con-inner\">\n\t\t\t\t<div class=\"elementor-element elementor-element-8e0b26a elementor-widget elementor-widget-text-editor\" data-id=\"8e0b26a\" data-element_type=\"widget\" data-widget_type=\"text-editor.default\">\n\t\t\t\t<div class=\"elementor-widget-container\">\n\t\t\t\t\t\t\t<ul><li>Bogat \u020bn Vitamina C<\/li><li>Fara conservanti\u00a0\u00a0\u00a0\u00a0\u00a0\u00a0\u00a0\u00a0\u00a0<\/li><li>Indice glicemic scazut<\/li><li>Vegan<\/li><li>Sursa de fibre<\/li><li>Bogat in Vitamina C, E, D2 si K1<\/li><li>Contine beta-caroten si Vitamina A<\/li><li>Continut ridicat de acizi grasi nesaturati, in special Omega 7<\/li><\/ul>\t\t\t\t\t\t<\/div>\n\t\t\t\t<\/div>\n\t\t\t\t<div class=\"elementor-element elementor-element-7c1ced7 elementor-widget elementor-widget-text-editor\" data-id=\"7c1ced7\" data-element_type=\"widget\" data-widget_type=\"text-editor.default\">\n\t\t\t\t<div class=\"elementor-widget-container\">\n\t\t\t\t\t\t\t<p>Ingrediente: 100 % C\u0103tin\u0103 ecologic\u0103 (Hippopae rhamnoides L.)<\/p><p>\u00a0<\/p><p>\u0162ara de provenien\u0163\u0103 a fructelor: Rom\u00e2nia<\/p><p>Lot \/ Expir\u0103 la: vezi pe capac<\/p><p>\u00a0<\/p><p>Instruc\u021biuni:<\/p><p>Produs adecvat pentru toate varstele.<\/p><p>Pentru efecte maxime se recomand\u0103 un consum de cel pu\u0163in 1 lun\u0103.<\/p><p>\u00a0<\/p><p>Produs pentru: Biocatina Cooperativa Agricola<\/p><p>\u00a0<a href=\"http:\/\/www.biocatina.com\">www.biocatina.com<\/a><\/p>\t\t\t\t\t\t<\/div>\n\t\t\t\t<\/div>\n\t\t\t\t\t<\/div>\n\t\t\t\t<\/div>\n\t\t\t\t\t<\/div>\n\t\t\t\t<\/div>\n\t\t<div class=\"elementor-element elementor-element-30f8cdcb e-con-boxed e-flex e-con\" data-id=\"30f8cdcb\" data-element_type=\"container\" data-settings=\"{&quot;content_width&quot;:&quot;boxed&quot;}\">\n\t\t\t\t\t<div class=\"e-con-inner\">\n\t\t\t\t<div class=\"elementor-element elementor-element-5d7ae39 elementor-widget elementor-widget-text-editor\" data-id=\"5d7ae39\" data-element_type=\"widget\" data-widget_type=\"text-editor.default\">\n\t\t\t\t<div class=\"elementor-widget-container\">\n\t\t\t\t\t\t\t<table><tbody><tr><td width=\"283\"><p>Nutrition declaration<\/p><\/td><td width=\"142\"><p>Per 100g<\/p><\/td><td width=\"165\"><p>% RI * per 100 g<\/p><\/td><\/tr><tr><td width=\"283\"><p>Energy value<\/p><\/td><td width=\"142\"><p>1952 kJ\/467 kcal<\/p><\/td><td width=\"165\"><p>23 %<\/p><\/td><\/tr><tr><td width=\"283\"><p>Total fat, from which<\/p><\/td><td width=\"142\"><p>16.4 g<\/p><\/td><td width=\"165\"><p>23 %<\/p><\/td><\/tr><tr><td width=\"283\"><p>Saturated fat<\/p><\/td><td width=\"142\"><p>5.3 g<\/p><\/td><td width=\"165\"><p>27 %<\/p><\/td><\/tr><tr><td width=\"283\"><p>Mono unsaturated fatty acids omega 7<\/p><\/td><td width=\"142\"><p>13.762 g<\/p><\/td><td width=\"165\"><p>&#8211;<\/p><\/td><\/tr><tr><td width=\"283\"><p>Carbohydrate, from which<\/p><\/td><td width=\"142\"><p>58.5 g<\/p><\/td><td width=\"165\"><p>23 %<\/p><\/td><\/tr><tr><td width=\"283\"><p>Sugars<\/p><\/td><td width=\"142\"><p>2.3 g<\/p><\/td><td width=\"165\"><p>3 %<\/p><\/td><\/tr><tr><td width=\"283\"><p>Fibers<\/p><\/td><td width=\"142\"><p>22.6 g<\/p><\/td><td width=\"165\"><p>90 %<\/p><\/td><\/tr><tr><td width=\"283\"><p>Protein<\/p><\/td><td width=\"142\"><p>10 g<\/p><\/td><td width=\"165\"><p>20 %<\/p><\/td><\/tr><tr><td width=\"283\"><p>Salt ***<\/p><\/td><td width=\"142\"><p>0.03 g<\/p><\/td><td width=\"165\"><p>1%<\/p><\/td><\/tr><tr><td width=\"283\"><p>Vitamins<\/p><\/td><td width=\"142\"><p>Per 100g<\/p><\/td><td width=\"165\"><p>% NRV**per 100 g<\/p><\/td><\/tr><tr><td width=\"283\"><p>Vitamin K1<\/p><\/td><td width=\"142\"><p>28.2 \u03bcg<\/p><\/td><td width=\"165\"><p>34 %<\/p><\/td><\/tr><tr><td width=\"283\"><p>Vitamin C<\/p><\/td><td width=\"142\"><p>101 mg<\/p><\/td><td width=\"165\"><p>126 %<\/p><\/td><\/tr><tr><td width=\"283\"><p>Vitamin D2<\/p><\/td><td width=\"142\"><p>2.34 \u03bcg<\/p><\/td><td width=\"165\"><p>47 %<\/p><\/td><\/tr><tr><td width=\"283\"><p>Vitamin E<\/p><\/td><td width=\"142\"><p>22.5 mg<\/p><\/td><td width=\"165\"><p>188 %<\/p><\/td><\/tr><\/tbody><\/table>\t\t\t\t\t\t<\/div>\n\t\t\t\t<\/div>\n\t\t\t\t<div class=\"elementor-element elementor-element-2529f6f elementor-widget elementor-widget-text-editor\" data-id=\"2529f6f\" data-element_type=\"widget\" data-widget_type=\"text-editor.default\">\n\t\t\t\t<div class=\"elementor-widget-container\">\n\t\t\t\t\t\t\t<p>** The analyzes were carred out at the Research Development and Institute for Food Bioresources<\/p>\t\t\t\t\t\t<\/div>\n\t\t\t\t<\/div>\n\t\t\t\t\t<\/div>\n\t\t\t\t<\/div>\n\t\t\t\t\t\t\t<\/div>\n\t\t","protected":false},"excerpt":{"rendered":"<p>Catina macinata 50 g Bogat \u020bn Vitamina C Fara conservanti Indice glicemic scazut Vegan Sursa de fibre Bogat in Vitamina C, E, D2 si K1 Contine beta-caroten si Vitamina A Continut ridicat de acizi grasi nesaturati, in special Omega 7 Ingrediente: 100 % C\u0103tin\u0103 ecologic\u0103 (Hippopae rhamnoides L.) \u0162ara de provenien\u0163\u0103 a fructelor: Rom\u00e2nia Lot [&hellip;]<\/p>\n","protected":false},"author":1,"featured_media":568,"parent":0,"menu_order":0,"comment_status":"closed","ping_status":"closed","template":"","meta":{"footnotes":""},"class_list":["post-529","page","type-page","status-publish","has-post-thumbnail","hentry"],"_links":{"self":[{"href":"https:\/\/euorganicseabuckthorn.com\/nutrition\/wp-json\/wp\/v2\/pages\/529","targetHints":{"allow":["GET"]}}],"collection":[{"href":"https:\/\/euorganicseabuckthorn.com\/nutrition\/wp-json\/wp\/v2\/pages"}],"about":[{"href":"https:\/\/euorganicseabuckthorn.com\/nutrition\/wp-json\/wp\/v2\/types\/page"}],"author":[{"embeddable":true,"href":"https:\/\/euorganicseabuckthorn.com\/nutrition\/wp-json\/wp\/v2\/users\/1"}],"replies":[{"embeddable":true,"href":"https:\/\/euorganicseabuckthorn.com\/nutrition\/wp-json\/wp\/v2\/comments?post=529"}],"version-history":[{"count":10,"href":"https:\/\/euorganicseabuckthorn.com\/nutrition\/wp-json\/wp\/v2\/pages\/529\/revisions"}],"predecessor-version":[{"id":584,"href":"https:\/\/euorganicseabuckthorn.com\/nutrition\/wp-json\/wp\/v2\/pages\/529\/revisions\/584"}],"wp:featuredmedia":[{"embeddable":true,"href":"https:\/\/euorganicseabuckthorn.com\/nutrition\/wp-json\/wp\/v2\/media\/568"}],"wp:attachment":[{"href":"https:\/\/euorganicseabuckthorn.com\/nutrition\/wp-json\/wp\/v2\/media?parent=529"}],"curies":[{"name":"wp","href":"https:\/\/api.w.org\/{rel}","templated":true}]}}